{"id":641,"date":"2023-07-14T09:27:19","date_gmt":"2023-07-14T09:27:19","guid":{"rendered":"https:\/\/luxcaput.se\/lips\/?page_id=641"},"modified":"2025-02-10T18:18:08","modified_gmt":"2025-02-10T18:18:08","slug":"hem-3","status":"publish","type":"page","link":"https:\/\/sofoscard.se\/","title":{"rendered":"Hem"},"content":{"rendered":"<p>[et_pb_section fb_built=&#8221;1&#8243; admin_label=&#8221;Header&#8221; _builder_version=&#8221;4.21.2&#8243; _module_preset=&#8221;default&#8221; background_color=&#8221;#f9fffb&#8221; use_background_color_gradient=&#8221;on&#8221; background_color_gradient_stops=&#8221;#4171b1 0%|#588bc2 100%&#8221; background_image=&#8221;https:\/\/sofoscard.se\/wp-content\/uploads\/2023\/07\/lake-4072911-scaled-1.jpg&#8221; background_size=&#8221;custom&#8221; background_image_width=&#8221;100%&#8221; background_image_height=&#8221;0%&#8221; background_position=&#8221;top_center&#8221; background_vertical_offset=&#8221;47%&#8221; min_height=&#8221;58.9vh&#8221; overflow-x=&#8221;visible&#8221; overflow-y=&#8221;visible&#8221; custom_margin=&#8221;3vw|3vw|3vw|3vw|true|true&#8221; custom_padding=&#8221;||0px||false|false&#8221; bottom_divider_color=&#8221;#ffffff&#8221; bottom_divider_height=&#8221;86px&#8221; background_last_edited=&#8221;on|phone&#8221; background_size_phone=&#8221;cover&#8221; background_mask_aspect_ratio_tablet=&#8221;portrait&#8221; background_mask_size_tablet=&#8221;stretch&#8221; background_mask_size_phone=&#8221;stretch&#8221; border_radii=&#8221;on|1.5vw|1.5vw|1.5vw|1.5vw&#8221; collapsed=&#8221;off&#8221; global_colors_info=&#8221;{}&#8221;][et_pb_row disabled_on=&#8221;on|off|off&#8221; _builder_version=&#8221;4.22.1&#8243; _module_preset=&#8221;default&#8221; custom_margin=&#8221;||0px||false|false&#8221; custom_padding=&#8221;0px||0px||false|false&#8221; global_module=&#8221;564&#8243; saved_tabs=&#8221;all&#8221; global_colors_info=&#8221;{}&#8221;][et_pb_column type=&#8221;4_4&#8243; _builder_version=&#8221;4.21.0&#8243; _module_preset=&#8221;default&#8221; global_colors_info=&#8221;{}&#8221;][et_pb_menu active_link_color=&#8221;#ECF1F9&#8243; dropdown_menu_bg_color=&#8221;#F9F5F3&#8243; dropdown_menu_line_color=&#8221;#9FBFDE&#8221; dropdown_menu_text_color=&#8221;#2B343B&#8221; dropdown_menu_active_link_color=&#8221;#4276B4&#8243; mobile_menu_bg_color=&#8221;#274369&#8243; mobile_menu_text_color=&#8221;#F9F5F3&#8243; logo=&#8221;https:\/\/sofoscard.se\/wp-content\/uploads\/2023\/06\/Sofos-Card-Keycards-171124-logo-3-300&#215;190-1.png&#8221; logo_url=&#8221;@ET-DC@eyJkeW5hbWljIjp0cnVlLCJjb250ZW50IjoicG9zdF9saW5rX3VybF9wYWdlIiwic2V0dGluZ3MiOnsicG9zdF9pZCI6IjY0MSJ9fQ==@&#8221; logo_width=&#8221;10%&#8221; logo_width_tablet=&#8221;20%&#8221; logo_width_phone=&#8221;0%&#8221; logo_width_last_edited=&#8221;on|phone&#8221; _builder_version=&#8221;4.22.1&#8243; _dynamic_attributes=&#8221;logo_url&#8221; _module_preset=&#8221;default&#8221; menu_font=&#8221;||||on||||&#8221; menu_text_color=&#8221;#ECF1F9&#8243; background_color=&#8221;rgba(255,255,255,0)&#8221; module_alignment=&#8221;left&#8221; custom_margin=&#8221;0px|||-4px|false|false&#8221; custom_margin_tablet=&#8221;-88px|||-37px|false|false&#8221; custom_margin_phone=&#8221;-96px||0px|-10px|false|false&#8221; custom_margin_last_edited=&#8221;on|desktop&#8221; child_filter_brightness=&#8221;150%&#8221; child_filter_sepia=&#8221;100%&#8221; global_colors_info=&#8221;{}&#8221;][\/et_pb_menu][\/et_pb_column][\/et_pb_row][et_pb_row custom_padding_last_edited=&#8221;on|desktop&#8221; _builder_version=&#8221;4.21.2&#8243; _module_preset=&#8221;default&#8221; width=&#8221;79%&#8221; custom_margin_tablet=&#8221;||||false|false&#8221; custom_margin_phone=&#8221;0px||||false|false&#8221; custom_margin_last_edited=&#8221;on|phone&#8221; custom_padding=&#8221;10vh||11vh||false|false&#8221; custom_padding_tablet=&#8221;0vh||11vh||false|false&#8221; custom_padding_phone=&#8221;0vh||5vh||false|false&#8221; locked=&#8221;off&#8221; global_colors_info=&#8221;{}&#8221;][et_pb_column type=&#8221;4_4&#8243; _builder_version=&#8221;4.21.0&#8243; _module_preset=&#8221;default&#8221; custom_padding=&#8221;10%||||false|false&#8221; custom_padding_tablet=&#8221;0%||||false|false&#8221; custom_padding_phone=&#8221;0%||||false|false&#8221; custom_padding_last_edited=&#8221;on|tablet&#8221; global_colors_info=&#8221;{}&#8221;][et_pb_image src=&#8221;https:\/\/sofoscard.se\/wp-content\/uploads\/2024\/01\/Kretslopp_vit.png&#8221; title_text=&#8221;Kretslopp_vit&#8221; url=&#8221;@ET-DC@eyJkeW5hbWljIjp0cnVlLCJjb250ZW50IjoicG9zdF9saW5rX3VybF9wYWdlIiwic2V0dGluZ3MiOnsicG9zdF9pZCI6IjEwMTYifX0=@&#8221; align=&#8221;right&#8221; disabled_on=&#8221;on|on|off&#8221; _builder_version=&#8221;4.22.1&#8243; _dynamic_attributes=&#8221;url&#8221; _module_preset=&#8221;default&#8221; width=&#8221;25%&#8221; width_tablet=&#8221;42%&#8221; width_phone=&#8221;42%&#8221; width_last_edited=&#8221;on|tablet&#8221; custom_margin=&#8221;-148px||||false|false&#8221; hover_enabled=&#8221;0&#8243; global_colors_info=&#8221;{}&#8221; alt=&#8221;kretslopp-plastkort-passerkort&#8221; sticky_enabled=&#8221;0&#8243;][\/et_pb_image][et_pb_text _builder_version=&#8221;4.21.2&#8243; _module_preset=&#8221;d56e8d58-1c13-4ddd-a4ca-54364024311d&#8221; header_4_text_color=&#8221;#F9F5F3&#8243; header_4_font_size=&#8221;21px&#8221; custom_padding=&#8221;4px|||||&#8221; header_4_font_size_tablet=&#8221;21px&#8221; header_4_font_size_phone=&#8221;12px&#8221; header_4_font_size_last_edited=&#8221;on|phone&#8221; text_text_shadow_style=&#8221;preset1&#8243; global_colors_info=&#8221;{}&#8221;]<\/p>\n<h4>Sofos card<\/h4>\n<p>[\/et_pb_text][et_pb_text _builder_version=&#8221;4.22.1&#8243; _module_preset=&#8221;b966ee3b-030f-43c6-8704-f78860b11882&#8243; text_text_color=&#8221;#F9F5F3&#8243; text_font_size=&#8221;21px&#8221; header_text_color=&#8221;#f9f5f3&#8243; header_font_size=&#8221;33px&#8221; header_2_text_color=&#8221;#F9F5F3&#8243; header_2_font_size=&#8221;39px&#8221; header_4_font=&#8221;|700|||||||&#8221; header_4_text_color=&#8221;#F9F5F3&#8243; header_4_font_size=&#8221;36px&#8221; header_4_line_height=&#8221;1.2em&#8221; custom_margin=&#8221;||10px||false|false&#8221; text_font_size_tablet=&#8221;21px&#8221; text_font_size_phone=&#8221;16px&#8221; text_font_size_last_edited=&#8221;on|phone&#8221; header_font_size_tablet=&#8221;37px&#8221; header_font_size_phone=&#8221;27px&#8221; header_font_size_last_edited=&#8221;on|phone&#8221; header_2_font_size_tablet=&#8221;36px&#8221; header_2_font_size_phone=&#8221;29px&#8221; header_2_font_size_last_edited=&#8221;on|tablet&#8221; header_2_letter_spacing_tablet=&#8221;&#8221; header_2_letter_spacing_phone=&#8221;&#8221; header_2_letter_spacing_last_edited=&#8221;on|phone&#8221; header_4_font_size_tablet=&#8221;31px&#8221; header_4_font_size_phone=&#8221;26px&#8221; header_4_font_size_last_edited=&#8221;on|desktop&#8221; text_text_shadow_style=&#8221;preset1&#8243; global_colors_info=&#8221;{}&#8221;]<\/p>\n<h1><b>Svensktillverkade plastkort och passerkort med fokus p\u00e5 milj\u00f6n. Bra priser och snabba leveranser.<\/b><\/h1>\n<p>[\/et_pb_text][\/et_pb_column][\/et_pb_row][\/et_pb_section][et_pb_section fb_built=&#8221;1&#8243; _builder_version=&#8221;4.21.0&#8243; _module_preset=&#8221;default&#8221; background_color=&#8221;rgba(155,155,155,0)&#8221; custom_padding=&#8221;0px|||||&#8221; global_colors_info=&#8221;{}&#8221;][et_pb_row column_structure=&#8221;1_5,1_5,1_5,1_5,1_5&#8243; custom_padding_last_edited=&#8221;on|phone&#8221; _builder_version=&#8221;4.21.2&#8243; _module_preset=&#8221;default&#8221; background_color=&#8221;#ffffff&#8221; z_index=&#8221;9&#8243; width=&#8221;90%&#8221; max_width=&#8221;1336px&#8221; custom_margin=&#8221;-125px|auto|61px|auto|false|false&#8221; custom_margin_tablet=&#8221;-111px||||false|false&#8221; custom_margin_phone=&#8221;-117px|auto|0px|auto|false|false&#8221; custom_margin_last_edited=&#8221;on|phone&#8221; custom_padding=&#8221;64px|60px|64px|60px|true|true&#8221; custom_padding_tablet=&#8221;30px|30px|30px|30px|true|true&#8221; custom_padding_phone=&#8221;20px|20px|20px|20px|true|true&#8221; border_radii=&#8221;on|10px|10px|10px|10px&#8221; saved_tabs=&#8221;all&#8221; locked=&#8221;off&#8221; global_colors_info=&#8221;{%22gcid-b25270ff-80a4-43b3-b4f7-60812cb04374%22:%91%22arrows_custom_color%22,%22dot_nav_custom_color%22%93,%22gcid-815ebb39-646b-4c9a-a3e8-ce9c4b7f9e47%22:%91%22form_field_text_color%22,%22border_color_all%22,%22border_color_all_fields%22,%22header_text_color%22,%22body_text_color%22,%22meta_text_color%22%93}&#8221;][et_pb_column type=&#8221;1_5&#8243; _builder_version=&#8221;4.21.2&#8243; _dynamic_attributes=&#8221;link_option_url&#8221; _module_preset=&#8221;default&#8221; link_option_url=&#8221;@ET-DC@eyJkeW5hbWljIjp0cnVlLCJjb250ZW50IjoicG9zdF9saW5rX3VybF9wYWdlIiwic2V0dGluZ3MiOnsicG9zdF9pZCI6IjUxNyJ9fQ==@&#8221; global_colors_info=&#8221;{}&#8221;][et_pb_text _builder_version=&#8221;4.21.2&#8243; _module_preset=&#8221;1c572001-801b-406f-b0c8-26760eaf1399&#8243; text_text_color=&#8221;#0B131E&#8221; header_3_text_align=&#8221;left&#8221; header_3_text_color=&#8221;#0B131E&#8221; custom_margin=&#8221;||10px||false|false&#8221; text_orientation_tablet=&#8221;center&#8221; text_orientation_phone=&#8221;center&#8221; text_orientation_last_edited=&#8221;on|tablet&#8221; global_colors_info=&#8221;{}&#8221;]<\/p>\n<h3>Milj\u00f6<\/h3>\n<p>[\/et_pb_text][et_pb_text _builder_version=&#8221;4.21.2&#8243; _module_preset=&#8221;5a7b6c29-fb86-48f9-94bf-c92ab3af4445&#8243; global_colors_info=&#8221;{}&#8221;]<\/p>\n<p>Vi g\u00f6r det enkelt att arbeta milj\u00f6v\u00e4nligt.<\/p>\n<p>[\/et_pb_text][\/et_pb_column][et_pb_column type=&#8221;1_5&#8243; _builder_version=&#8221;4.21.2&#8243; _dynamic_attributes=&#8221;link_option_url&#8221; _module_preset=&#8221;default&#8221; link_option_url=&#8221;@ET-DC@eyJkeW5hbWljIjp0cnVlLCJjb250ZW50IjoicG9zdF9saW5rX3VybF9wYWdlIiwic2V0dGluZ3MiOnsicG9zdF9pZCI6IjEwMTYifX0=@&#8221; global_colors_info=&#8221;{}&#8221;][et_pb_text _builder_version=&#8221;4.21.2&#8243; _module_preset=&#8221;1c572001-801b-406f-b0c8-26760eaf1399&#8243; text_text_color=&#8221;#0B131E&#8221; custom_margin=&#8221;||10px||false|false&#8221; text_orientation_tablet=&#8221;center&#8221; text_orientation_phone=&#8221;center&#8221; text_orientation_last_edited=&#8221;on|tablet&#8221; global_colors_info=&#8221;{}&#8221;]<\/p>\n<h3>Svenskt returkort<\/h3>\n<p>[\/et_pb_text][et_pb_text _builder_version=&#8221;4.21.2&#8243; _module_preset=&#8221;5a7b6c29-fb86-48f9-94bf-c92ab3af4445&#8243; global_colors_info=&#8221;{}&#8221;]<\/p>\n<p>Ett kretslopp som erbjuder er en helhetsl\u00f6sning.<\/p>\n<p>[\/et_pb_text][\/et_pb_column][et_pb_column type=&#8221;1_5&#8243; _builder_version=&#8221;4.21.0&#8243; _module_preset=&#8221;default&#8221; global_colors_info=&#8221;{}&#8221;][et_pb_text _builder_version=&#8221;4.21.2&#8243; _dynamic_attributes=&#8221;link_option_url&#8221; _module_preset=&#8221;1c572001-801b-406f-b0c8-26760eaf1399&#8243; custom_margin=&#8221;||10px||false|false&#8221; link_option_url=&#8221;@ET-DC@eyJkeW5hbWljIjp0cnVlLCJjb250ZW50IjoicG9zdF9saW5rX3VybF9wYWdlIiwic2V0dGluZ3MiOnsicG9zdF9pZCI6IjkzMSJ9fQ==@&#8221; text_orientation_tablet=&#8221;left&#8221; text_orientation_phone=&#8221;left&#8221; text_orientation_last_edited=&#8221;on|tablet&#8221; global_colors_info=&#8221;{}&#8221;]<\/p>\n<h3>V\u00e5ra plastkort<\/h3>\n<p>[\/et_pb_text][et_pb_text _builder_version=&#8221;4.21.2&#8243; _dynamic_attributes=&#8221;link_option_url&#8221; _module_preset=&#8221;5a7b6c29-fb86-48f9-94bf-c92ab3af4445&#8243; link_option_url=&#8221;@ET-DC@eyJkeW5hbWljIjp0cnVlLCJjb250ZW50IjoicG9zdF9saW5rX3VybF9wYWdlIiwic2V0dGluZ3MiOnsicG9zdF9pZCI6IjkzMSJ9fQ==@&#8221; global_colors_info=&#8221;{}&#8221;]<\/p>\n<p><span>Allt ett plastkort kan g\u00f6ra, kan vi skapa!<\/span><\/p>\n<p>[\/et_pb_text][et_pb_text _builder_version=&#8221;4.22.1&#8243; _module_preset=&#8221;5a7b6c29-fb86-48f9-94bf-c92ab3af4445&#8243; global_colors_info=&#8221;{}&#8221;]<\/p>\n<p><a href=\"index.php\/vara-plastkort#presentkort\">Presentkort<\/a><br \/><a href=\"index.php\/vara-plastkort#medlemskort\">Medlemskort<\/a><br \/><a href=\"index.php\/vara-plastkort#passerkort\">Passerkort<\/a><br \/><a href=\"index.php\/vara-plastkort#fotokort\">Foto\/ID-kort<\/a><\/p>\n<p>[\/et_pb_text][\/et_pb_column][et_pb_column type=&#8221;1_5&#8243; _builder_version=&#8221;4.21.2&#8243; _dynamic_attributes=&#8221;link_option_url&#8221; _module_preset=&#8221;default&#8221; link_option_url=&#8221;@ET-DC@eyJkeW5hbWljIjp0cnVlLCJjb250ZW50IjoicG9zdF9saW5rX3VybF9wYWdlIiwic2V0dGluZ3MiOnsicG9zdF9pZCI6IjkzNyJ9fQ==@&#8221; global_colors_info=&#8221;{}&#8221;][et_pb_text _builder_version=&#8221;4.21.2&#8243; _module_preset=&#8221;1c572001-801b-406f-b0c8-26760eaf1399&#8243; custom_margin=&#8221;||10px||false|false&#8221; text_orientation_tablet=&#8221;left&#8221; text_orientation_phone=&#8221;left&#8221; text_orientation_last_edited=&#8221;on|tablet&#8221; global_colors_info=&#8221;{}&#8221;]<\/p>\n<h3>V\u00e5r produktion<\/h3>\n<p>[\/et_pb_text][et_pb_text _builder_version=&#8221;4.21.2&#8243; _module_preset=&#8221;5a7b6c29-fb86-48f9-94bf-c92ab3af4445&#8243; global_colors_info=&#8221;{}&#8221;]<\/p>\n<p>Plastkort med flera funktioner.<\/p>\n<p>[\/et_pb_text][\/et_pb_column][et_pb_column type=&#8221;1_5&#8243; _builder_version=&#8221;4.21.2&#8243; _dynamic_attributes=&#8221;link_option_url&#8221; _module_preset=&#8221;default&#8221; link_option_url=&#8221;@ET-DC@eyJkeW5hbWljIjp0cnVlLCJjb250ZW50IjoicG9zdF9saW5rX3VybF9wYWdlIiwic2V0dGluZ3MiOnsicG9zdF9pZCI6IjU4NyJ9fQ==@&#8221; global_colors_info=&#8221;{}&#8221;][et_pb_text _builder_version=&#8221;4.21.2&#8243; _module_preset=&#8221;1c572001-801b-406f-b0c8-26760eaf1399&#8243; custom_margin=&#8221;||10px||false|false&#8221; text_orientation_tablet=&#8221;left&#8221; text_orientation_phone=&#8221;left&#8221; text_orientation_last_edited=&#8221;on|tablet&#8221; global_colors_info=&#8221;{}&#8221;]<\/p>\n<h3>Kontakt<\/h3>\n<p>[\/et_pb_text][et_pb_text _builder_version=&#8221;4.21.2&#8243; _module_preset=&#8221;5a7b6c29-fb86-48f9-94bf-c92ab3af4445&#8243; global_colors_info=&#8221;{}&#8221;]<\/p>\n<p>Vi ser fram emot att h\u00f6ra fr\u00e5n dig!<\/p>\n<p>[\/et_pb_text][\/et_pb_column][\/et_pb_row][\/et_pb_section][et_pb_section fb_built=&#8221;1&#8243; admin_label=&#8221;Footer Links&#8221; _builder_version=&#8221;4.21.2&#8243; _module_preset=&#8221;default&#8221; background_color=&#8221;#F9F5F3&#8243; use_background_color_gradient=&#8221;on&#8221; background_color_gradient_type=&#8221;circular&#8221; background_color_gradient_direction_radial=&#8221;bottom left&#8221; background_color_gradient_stops=&#8221;rgba(39,67,105,0.17) 0%|rgba(39,67,105,0.14) 99%&#8221; background_color_gradient_overlays_image=&#8221;on&#8221; background_image=&#8221;https:\/\/sofoscard.se\/wp-content\/uploads\/2023\/07\/lake-7437204-scaled-1.jpg&#8221; background_enable_image=&#8221;off&#8221; width=&#8221;90%&#8221; width_tablet=&#8221;100%&#8221; width_phone=&#8221;100%&#8221; width_last_edited=&#8221;on|desktop&#8221; max_width=&#8221;1080%&#8221; module_alignment=&#8221;center&#8221; min_height=&#8221;124px&#8221; custom_margin=&#8221;-32px||65px||false|true&#8221; custom_padding=&#8221;3px||1px||false|false&#8221; background_last_edited=&#8221;on|tablet&#8221; border_radii=&#8221;on|20px|20px|20px|20px&#8221; border_color_all=&#8221;RGBA(255,255,255,0)&#8221; border_width_top=&#8221;7px&#8221; border_color_top=&#8221;#9FBFDE&#8221; global_module=&#8221;525&#8243; saved_tabs=&#8221;all&#8221; collapsed=&#8221;off&#8221; global_colors_info=&#8221;{}&#8221;][et_pb_row column_structure=&#8221;1_5,3_5,1_5&#8243; _builder_version=&#8221;4.21.2&#8243; _module_preset=&#8221;default&#8221; background_color=&#8221;RGBA(255,255,255,0)&#8221; width=&#8221;90%&#8221; min_height=&#8221;92.7px&#8221; custom_margin=&#8221;12px||0px||false|false&#8221; custom_padding=&#8221;0px||0px||false|false&#8221; locked=&#8221;off&#8221; global_colors_info=&#8221;{}&#8221;][et_pb_column type=&#8221;1_5&#8243; _builder_version=&#8221;4.21.2&#8243; _module_preset=&#8221;default&#8221; global_colors_info=&#8221;{}&#8221;][et_pb_image src=&#8221;https:\/\/sofoscard.se\/wp-content\/uploads\/2023\/06\/Sofos-Card-Keycards-171124-logo-1.png&#8221; title_text=&#8221;Sofos-Card-Keycards-171124-logo-1&#8243; _builder_version=&#8221;4.22.1&#8243; _module_preset=&#8221;default&#8221; width=&#8221;64.6%&#8221; hover_enabled=&#8221;0&#8243; global_colors_info=&#8221;{}&#8221; alt=&#8221;sofos-card-logo-plastkort-passerkort&#8221; sticky_enabled=&#8221;0&#8243;][\/et_pb_image][\/et_pb_column][et_pb_column type=&#8221;3_5&#8243; _builder_version=&#8221;4.21.0&#8243; _module_preset=&#8221;default&#8221; global_colors_info=&#8221;{}&#8221;][et_pb_text _builder_version=&#8221;4.21.2&#8243; _module_preset=&#8221;1c572001-801b-406f-b0c8-26760eaf1399&#8243; header_3_text_color=&#8221;#0B131E&#8221; width=&#8221;97%&#8221; custom_margin=&#8221;||0px||false|false&#8221; custom_padding=&#8221;|0px||||&#8221; global_colors_info=&#8221;{}&#8221;]<\/p>\n<h4 style=\"text-align: center;\">Sofos Card Solutions AB<\/h4>\n<p style=\"text-align: center;\">Ebba Brahes v\u00e4g 6<span style=\"color: #99cc00;\">\u00a0 \u2022\u00a0\u00a0<\/span>192 69 Sollentuna<span style=\"color: #99cc00;\">\u00a0 \u2022\u00a0<\/span> 08-594 118 50\u00a0<span style=\"color: #99cc00;\"> \u00a0\u2022\u00a0<\/span> \u00a0<a href=\"mailto:info@sofoscard.se\">info@sofoscard.se<\/a><\/p>\n<p>[\/et_pb_text][\/et_pb_column][et_pb_column type=&#8221;1_5&#8243; _builder_version=&#8221;4.21.0&#8243; _module_preset=&#8221;default&#8221; global_colors_info=&#8221;{}&#8221;][\/et_pb_column][\/et_pb_row][et_pb_row _builder_version=&#8221;4.21.2&#8243; _module_preset=&#8221;default&#8221; max_height=&#8221;1034px&#8221; custom_margin=&#8221;-48px||-17px||false|false&#8221; custom_padding=&#8221;0px||0px||false|false&#8221; global_colors_info=&#8221;{}&#8221;][et_pb_column type=&#8221;4_4&#8243; _builder_version=&#8221;4.21.0&#8243; _module_preset=&#8221;default&#8221; global_colors_info=&#8221;{}&#8221;][et_pb_text _builder_version=&#8221;4.21.2&#8243; _dynamic_attributes=&#8221;content&#8221; _module_preset=&#8221;f1d3fa5e-6735-49d3-a8ed-5b3392faa952&#8243; text_text_color=&#8221;#0B131E&#8221; text_font_size=&#8221;9px&#8221; text_orientation=&#8221;center&#8221; custom_padding=&#8221;|||0px||&#8221; global_colors_info=&#8221;{}&#8221;]@ET-DC@eyJkeW5hbWljIjp0cnVlLCJjb250ZW50IjoiY3VycmVudF9kYXRlIiwic2V0dGluZ3MiOnsiYmVmb3JlIjoiQ29weXJpZ2h0ICZjb3B5OyAiLCJhZnRlciI6IiBTb2ZvcyBDYXJkcyBTb2x1dGlvbnMgQUIuIiwiZGF0ZV9mb3JtYXQiOiJjdXN0b20iLCJjdXN0b21fZGF0ZV9mb3JtYXQiOiJZIn19@[\/et_pb_text][\/et_pb_column][\/et_pb_row][\/et_pb_section]<\/p>\n","protected":false},"excerpt":{"rendered":"<p>Sofos cardSvensktillverkade plastkort och passerkort med fokus p\u00e5 milj\u00f6n. Bra priser och snabba leveranser.Milj\u00f6Vi g\u00f6r det enkelt att arbeta milj\u00f6v\u00e4nligt.Svenskt returkortEtt kretslopp som erbjuder er en helhetsl\u00f6sning.V\u00e5ra plastkortAllt ett plastkort kan g\u00f6ra, kan vi skapa!PresentkortMedlemskortPasserkortFoto\/ID-kortV\u00e5r produktionPlastkort med flera funktioner.KontaktVi ser fram emot att h\u00f6ra fr\u00e5n dig!Sofos Card Solutions AB Ebba Brahes v\u00e4g 6\u00a0 \u2022\u00a0\u00a0192 69 [&hellip;]<\/p>\n","protected":false},"author":1,"featured_media":0,"parent":0,"menu_order":0,"comment_status":"closed","ping_status":"closed","template":"","meta":{"_et_pb_use_builder":"on","_et_pb_old_content":"","_et_gb_content_width":"","om_disable_all_campaigns":false,"inline_featured_image":false,"_monsterinsights_skip_tracking":false,"_monsterinsights_sitenote_active":false,"_monsterinsights_sitenote_note":"","_monsterinsights_sitenote_category":0,"footnotes":""},"class_list":["post-641","page","type-page","status-publish","hentry"],"aioseo_notices":[],"_links":{"self":[{"href":"https:\/\/sofoscard.se\/index.php\/wp-json\/wp\/v2\/pages\/641","targetHints":{"allow":["GET"]}}],"collection":[{"href":"https:\/\/sofoscard.se\/index.php\/wp-json\/wp\/v2\/pages"}],"about":[{"href":"https:\/\/sofoscard.se\/index.php\/wp-json\/wp\/v2\/types\/page"}],"author":[{"embeddable":true,"href":"https:\/\/sofoscard.se\/index.php\/wp-json\/wp\/v2\/users\/1"}],"replies":[{"embeddable":true,"href":"https:\/\/sofoscard.se\/index.php\/wp-json\/wp\/v2\/comments?post=641"}],"version-history":[{"count":12,"href":"https:\/\/sofoscard.se\/index.php\/wp-json\/wp\/v2\/pages\/641\/revisions"}],"predecessor-version":[{"id":1467,"href":"https:\/\/sofoscard.se\/index.php\/wp-json\/wp\/v2\/pages\/641\/revisions\/1467"}],"wp:attachment":[{"href":"https:\/\/sofoscard.se\/index.php\/wp-json\/wp\/v2\/media?parent=641"}],"curies":[{"name":"wp","href":"https:\/\/api.w.org\/{rel}","templated":true}]}}